{"id":20530,"date":"2020-01-06T15:33:38","date_gmt":"2020-01-06T15:33:38","guid":{"rendered":"https:\/\/www.martinaarch.com\/info\/"},"modified":"2024-09-22T23:08:30","modified_gmt":"2024-09-22T23:08:30","slug":"info","status":"publish","type":"page","link":"https:\/\/www.martinaarch.com\/de\/info\/","title":{"rendered":"Info"},"content":{"rendered":"<div class=\"fusion-fullwidth fullwidth-box fusion-builder-row-1 nonhundred-percent-fullwidth non-hundred-percent-height-scrolling fusion-equal-height-columns\" style=\"--awb-border-radius-top-left:0px;--awb-border-radius-top-right:0px;--awb-border-radius-bottom-right:0px;--awb-border-radius-bottom-left:0px;--awb-padding-bottom:6%;--awb-flex-wrap:wrap;\" ><div class=\"fusion-builder-row fusion-row\"><div class=\"fusion-layout-column fusion_builder_column fusion-builder-column-0 fusion_builder_column_1_5 1_5 fusion-one-fifth fusion-column-first fusion-column-no-min-height\" style=\"--awb-bg-size:cover;--awb-margin-bottom:10px;width:20%;width:calc(20% - ( ( 0px ) * 0.2 ) );margin-right: 0px;\"><div class=\"fusion-column-wrapper fusion-column-has-shadow fusion-flex-column-wrapper-legacy\"><div class=\"fusion-title title fusion-title-1 fusion-sep-none fusion-title-text fusion-title-size-six\" style=\"--awb-margin-top:0px;--awb-margin-bottom:10px;--awb-margin-bottom-small:10PX;\"><h6 class=\"fusion-title-heading title-heading-left fusion-responsive-typography-calculated\" style=\"margin:0;--fontSize:12;--minFontSize:12;line-height:1.72;\"><h1>Infos<\/h1><\/h6><\/div><div class=\"fusion-clearfix\"><\/div><\/div><\/div><div class=\"fusion-layout-column fusion_builder_column fusion-builder-column-1 fusion_builder_column_2_3 2_3 fusion-two-third fusion-column-last\" style=\"--awb-bg-size:cover;width:66.666666666667%;width:calc(66.666666666667% - ( ( 0px ) * 0.66666666666667 ) );\"><div class=\"fusion-column-wrapper fusion-column-has-shadow fusion-flex-column-wrapper-legacy\"><div class=\"fusion-builder-row fusion-builder-row-inner fusion-row\"><div class=\"fusion-layout-column fusion_builder_column_inner fusion-builder-nested-column-0 fusion_builder_column_inner_1_1 1_1 fusion-one-full fusion-column-first fusion-column-last\" style=\"--awb-padding-top:8%;--awb-padding-right:8%;--awb-padding-bottom:6%;--awb-padding-left:8%;--awb-bg-color:rgba(24,27,32,0);--awb-bg-color-hover:rgba(24,27,32,0);--awb-bg-size:cover;--awb-border-color:#ffffff;--awb-border-top:0;--awb-border-right:0;--awb-border-bottom:0;--awb-border-left:0;--awb-border-style:solid;--awb-margin-top:0px;--awb-margin-bottom:0px;\"><div class=\"fusion-column-wrapper fusion-column-has-shadow fusion-flex-column-wrapper-legacy\"><div class=\"fusion-title title fusion-title-2 fusion-sep-none fusion-title-text fusion-title-size-five\" style=\"--awb-text-color:#000000;--awb-margin-top:0px;--awb-margin-top-small:0px;\"><h5 class=\"fusion-title-heading title-heading-left fusion-responsive-typography-calculated\" style=\"margin:0;--fontSize:18;--minFontSize:18;line-height:1.68;\"><h4>Martina Arquitetura<\/h4><\/h5><\/div><div class=\"fusion-text fusion-text-1\"><p>Das 2016 gegr\u00fcndete B\u00fcro Martina Arquitetura ist weithin f\u00fcr seinen innovativen Ansatz und seine gro\u00dfe Erfahrung mit Projekten unterschiedlicher Gr\u00f6\u00dfe und Sektoren bekannt.<br \/>\nMartina Pires Crist\u00f3v\u00e3o, Vollmitglied des portugiesischen Architektenordens (OA21319), hat einen Master-Abschluss in Architektur von der Fakult\u00e4t f\u00fcr Architektur der Universit\u00e4t Porto und der Barcelona School of Architecture.<br \/>\nSeine akademische Laufbahn war Gegenstand zahlreicher Anerkennungen, darunter Auszeichnungen und Ausstellungen in Portugal und Spanien, insbesondere die Auszeichnung f\u00fcr das beste Projekt in der Stadt Vila de Cans in Katalonien.  <\/p>\n<p>Im Laufe ihrer beruflichen Karriere hat Martina an gro\u00dfen Projekten in Portugal und Spanien mitgewirkt, darunter \u00f6ffentliche Ausschreibungen, Museen und Immobilienprojekte.<br \/>\nDiese Erfahrungen haben zur Konsolidierung einer architektonischen Vision beigetragen, die ein Gleichgewicht zwischen Funktionalit\u00e4t und Kreativit\u00e4t anstrebt. <\/p>\n<p>Das B\u00fcro verf\u00fcgt \u00fcber ein hochqualifiziertes Team mit umfassender Erfahrung in der Anwendung der BIM-Methode (Building Information Modelling) und entwirft vorwiegend im dreidimensionalen Format.<br \/>\nDie Projekte werden durch virtuelle Renderings pr\u00e4sentiert, die ein besseres Verst\u00e4ndnis des Geb\u00e4udes in seinem st\u00e4dtischen Kontext sowie der Bewohnbarkeit seiner Innenr\u00e4ume erm\u00f6glichen.<br \/>\nDar\u00fcber hinaus ist das B\u00fcro in der Lage, 3D-Modelle aus recyceltem Kunststoff zu drucken und Luftaufnahmen mit Drohnen zu machen, um eine pr\u00e4zise und effektive visuelle Kommunikation zu gew\u00e4hrleisten.  <\/p>\n<p>Das Team verf\u00fcgt \u00fcber umfangreiche Erfahrung mit Sanierungs- und Neubauprojekten und arbeitet an verschiedenen Geb\u00e4udetypen, darunter Einfamilienh\u00e4user, Mehrfamilienh\u00e4user, Hotels und Restaurants, um nur einige zu nennen.<br \/>\nOb an historischen St\u00e4tten oder in zeitgen\u00f6ssischen st\u00e4dtischen Kontexten, Martina Arquitetura ist stets bestrebt, nachhaltige R\u00e4ume zu schaffen, die die Grenzen der modernen Architektur herausfordern. <\/p>\n<p>Das unerm\u00fcdliche Engagement des B\u00fcros f\u00fcr den interaktiven Schaffensprozess f\u00fchrt dazu, dass es sich der Herausforderung stellt, Geb\u00e4ude zu entwerfen, die mehr sind als blo\u00dfe Volumen, sondern echte Ikonen, die ihren Platz im Stadtgef\u00fcge einnehmen.<br \/>\nJedes Projekt zielt darauf ab, die Erfahrung seiner Nutzer zu verbessern und einen positiven und dauerhaften Einfluss auf die Stadt und das Leben derer, die mit der Architektur interagieren, zu hinterlassen. <\/p><\/p>\n<\/div><div class=\"fusion-text fusion-text-2\" style=\"--awb-text-transform:capitalize;--awb-text-color:#000000;\"><\/div><div class=\"fusion-alignright\"><a class=\"fusion-button button-flat fusion-button-default-size button-default fusion-button-default button-1 fusion-button-span-no fusion-button-default-type\" target=\"_self\" href=\"https:\/\/www.martinaarch.com\/de\/projekte\/\"><span class=\"fusion-button-text awb-button__text awb-button__text--default\">Entdecken Sie unsere Projekte<\/span><i class=\"fa-arrow-right fas awb-button__icon awb-button__icon--default button-icon-right\" aria-hidden=\"true\"><\/i><\/a><\/div><div class=\"fusion-clearfix\"><\/div><\/div><\/div><\/div><div class=\"fusion-clearfix\"><\/div><\/div><\/div><\/div><\/div>\n","protected":false},"excerpt":{"rendered":"","protected":false},"author":1,"featured_media":0,"parent":0,"menu_order":0,"comment_status":"closed","ping_status":"closed","template":"100-width.php","meta":{"_joinchat":[],"footnotes":""},"class_list":["post-20530","page","type-page","status-publish","hentry"],"_links":{"self":[{"href":"https:\/\/www.martinaarch.com\/de\/wp-json\/wp\/v2\/pages\/20530","targetHints":{"allow":["GET"]}}],"collection":[{"href":"https:\/\/www.martinaarch.com\/de\/wp-json\/wp\/v2\/pages"}],"about":[{"href":"https:\/\/www.martinaarch.com\/de\/wp-json\/wp\/v2\/types\/page"}],"author":[{"embeddable":true,"href":"https:\/\/www.martinaarch.com\/de\/wp-json\/wp\/v2\/users\/1"}],"replies":[{"embeddable":true,"href":"https:\/\/www.martinaarch.com\/de\/wp-json\/wp\/v2\/comments?post=20530"}],"version-history":[{"count":4,"href":"https:\/\/www.martinaarch.com\/de\/wp-json\/wp\/v2\/pages\/20530\/revisions"}],"predecessor-version":[{"id":20536,"href":"https:\/\/www.martinaarch.com\/de\/wp-json\/wp\/v2\/pages\/20530\/revisions\/20536"}],"wp:attachment":[{"href":"https:\/\/www.martinaarch.com\/de\/wp-json\/wp\/v2\/media?parent=20530"}],"curies":[{"name":"wp","href":"https:\/\/api.w.org\/{rel}","templated":true}]}}