{"id":25586,"date":"2026-04-22T09:01:02","date_gmt":"2026-04-22T09:01:02","guid":{"rendered":"https:\/\/www.martinaarch.com\/reunion-y-presupuesto\/"},"modified":"2026-04-23T14:54:52","modified_gmt":"2026-04-23T14:54:52","slug":"reunion-y-presupuesto","status":"publish","type":"page","link":"https:\/\/www.martinaarch.com\/es\/reunion-y-presupuesto\/","title":{"rendered":"Reuni\u00f3n y presupuesto"},"content":{"rendered":"<p><div class=\"fusion-fullwidth fullwidth-box fusion-builder-row-1 fusion-flex-container has-pattern-background has-mask-background nonhundred-percent-fullwidth non-hundred-percent-height-scrolling fusion-no-medium-visibility\" style=\"--awb-border-radius-top-left:0px;--awb-border-radius-top-right:0px;--awb-border-radius-bottom-right:0px;--awb-border-radius-bottom-left:0px;--awb-padding-top:100px;--awb-padding-right:0px;--awb-padding-bottom:100px;--awb-padding-left:0px;--awb-padding-top-small:20px;--awb-padding-right-small:5%;--awb-padding-bottom-small:20px;--awb-padding-left-small:5%;--awb-margin-top:-72px;--awb-margin-bottom:0px;--awb-background-color:#f7f7f7;--awb-flex-wrap:wrap;\" ><div class=\"fusion-builder-row fusion-row fusion-flex-align-items-stretch fusion-flex-justify-content-center fusion-flex-content-wrap\" style=\"max-width:calc( 1270px + 0px );margin-left: calc(-0px \/ 2 );margin-right: calc(-0px \/ 2 );\"><div class=\"fusion-layout-column fusion_builder_column fusion-builder-column-0 fusion_builder_column_1_2 1_2 fusion-flex-column\" style=\"--awb-bg-size:cover;--awb-width-large:50%;--awb-margin-top-large:0px;--awb-spacing-right-large:0px;--awb-margin-bottom-large:0px;--awb-spacing-left-large:0px;--awb-width-medium:100%;--awb-order-medium:0;--awb-spacing-right-medium:0px;--awb-spacing-left-medium:0px;--awb-width-small:100%;--awb-order-small:0;--awb-spacing-right-small:0px;--awb-spacing-left-small:0px;\" data-scroll-devices=\"small-visibility,medium-visibility,large-visibility\"><div class=\"fusion-column-wrapper fusion-column-has-shadow fusion-flex-justify-content-flex-start fusion-content-layout-column\"><div class=\"fusion-builder-row fusion-builder-row-inner fusion-row fusion-flex-align-items-stretch fusion-flex-justify-content-center fusion-flex-content-wrap\" style=\"width:calc( 100% + 0px ) !important;max-width:calc( 100% + 0px ) !important;margin-left: calc(-0px \/ 2 );margin-right: calc(-0px \/ 2 );\"><div class=\"fusion-layout-column fusion_builder_column_inner fusion-builder-nested-column-0 fusion_builder_column_inner_1_1 1_1 fusion-flex-column\" style=\"--awb-padding-right:30px;--awb-bg-size:cover;--awb-width-large:100%;--awb-margin-top-large:20px;--awb-spacing-right-large:0px;--awb-margin-bottom-large:0px;--awb-spacing-left-large:0px;--awb-width-medium:100%;--awb-order-medium:0;--awb-spacing-right-medium:0px;--awb-spacing-left-medium:0px;--awb-width-small:100%;--awb-order-small:0;--awb-spacing-right-small:0px;--awb-spacing-left-small:0px;\" data-scroll-devices=\"small-visibility,medium-visibility,large-visibility\"><div class=\"fusion-column-wrapper fusion-column-has-shadow fusion-flex-justify-content-flex-start fusion-content-layout-column\"><div class=\"fusion-separator\" style=\"align-self: flex-start;margin-right:auto;margin-bottom:20px;width:100%;max-width:50px;\"><div class=\"fusion-separator-border sep-single sep-solid\" style=\"--awb-height:20px;--awb-amount:20px;--awb-sep-color:#000000;border-color:#000000;border-top-width:2px;\"><\/div><\/div><div class=\"fusion-title title fusion-title-1 fusion-sep-none fusion-title-text fusion-title-size-five\" style=\"--awb-margin-top:0px;--awb-margin-bottom:0px;\"><h5 class=\"fusion-title-heading title-heading-left fusion-responsive-typography-calculated\" style=\"margin:0;--fontSize:18;--minFontSize:18;line-height:1.68;\">PRESUPUESTO R\u00c1PIDO<\/h5><\/div><div class=\"fusion-title title fusion-title-2 fusion-sep-none fusion-title-text fusion-title-size-one\" style=\"--awb-margin-top:0px;--awb-margin-bottom:10px;\"><h1 class=\"fusion-title-heading title-heading-left fusion-responsive-typography-calculated\" style=\"margin:0;--fontSize:80;line-height:1.2;\">Presupuesto<\/h1><\/div><div class=\"fusion-text fusion-text-1\"><p>Solicita un presupuesto autom\u00e1ticamente y recibe un presupuesto por correo electr\u00f3nico en menos de 24 horas (d\u00edas laborables)<a href=\"https:\/\/www.martinaarch.com\/projetosdearquiteturacontemporaneos\/\">.<\/a><\/p>\n<\/div><\/div><\/div><\/div><\/div><\/div><div class=\"fusion-layout-column fusion_builder_column fusion-builder-column-1 fusion_builder_column_1_2 1_2 fusion-flex-column\" style=\"--awb-padding-top:48px;--awb-padding-right:72px;--awb-padding-bottom:48px;--awb-padding-left:72px;--awb-padding-top-small:20px;--awb-padding-right-small:15px;--awb-padding-bottom-small:20px;--awb-padding-left-small:15px;--awb-overflow:visible;--awb-bg-color:rgba(243,233,228,0.65);--awb-bg-color-hover:rgba(243,233,228,0.85);--awb-bg-size:cover;--awb-border-radius:20px 20px 20px 20px;--awb-width-large:50%;--awb-margin-top-large:20px;--awb-spacing-right-large:0px;--awb-margin-bottom-large:0px;--awb-spacing-left-large:0px;--awb-width-medium:100%;--awb-order-medium:0;--awb-spacing-right-medium:0px;--awb-spacing-left-medium:0px;--awb-width-small:100%;--awb-order-small:0;--awb-spacing-right-small:0px;--awb-spacing-left-small:0px;\" data-scroll-devices=\"small-visibility,medium-visibility,large-visibility\"><div class=\"fusion-column-wrapper fusion-column-has-shadow fusion-flex-justify-content-flex-start fusion-content-layout-column\">\n<div class=\"wpcf7 no-js\" id=\"wpcf7-f11090-o1\" lang=\"es-ES\" dir=\"ltr\" data-wpcf7-id=\"11090\">\n<div class=\"screen-reader-response\"><p role=\"status\" aria-live=\"polite\" aria-atomic=\"true\"><\/p> <ul><\/ul><\/div>\n<form action=\"\/es\/wp-json\/wp\/v2\/pages\/25586#wpcf7-f11090-o1\" method=\"post\" class=\"wpcf7-form init\" aria-label=\"Formulario de contacto\" novalidate=\"novalidate\" data-status=\"init\">\n<fieldset class=\"hidden-fields-container\"><input type=\"hidden\" name=\"_wpcf7\" value=\"11090\" \/><input type=\"hidden\" name=\"_wpcf7_version\" value=\"6.1.5\" \/><input type=\"hidden\" name=\"_wpcf7_locale\" value=\"es_ES\" \/><input type=\"hidden\" name=\"_wpcf7_unit_tag\" value=\"wpcf7-f11090-o1\" \/><input type=\"hidden\" name=\"_wpcf7_container_post\" value=\"0\" \/><input type=\"hidden\" name=\"_wpcf7_posted_data_hash\" value=\"\" \/><input type=\"hidden\" name=\"_wpcf7_recaptcha_response\" value=\"\" \/>\n<\/fieldset>\n<p>Tipo de Construcci\u00f3n*<br \/>\n<span class=\"wpcf7-form-control-wrap\" data-name=\"tipo-construcao\"><span class=\"wpcf7-form-control wpcf7-radio\"><span class=\"wpcf7-list-item first\"><input type=\"radio\" name=\"tipo-construcao\" value=\"Nueva\" checked=\"checked\" \/><span class=\"wpcf7-list-item-label\">Nueva<\/span><\/span><span class=\"wpcf7-list-item\"><input type=\"radio\" name=\"tipo-construcao\" value=\"Rehabilitaci\u00f3n\" \/><span class=\"wpcf7-list-item-label\">Rehabilitaci\u00f3n<\/span><\/span><span class=\"wpcf7-list-item last\"><input type=\"radio\" name=\"tipo-construcao\" value=\"Remodelaci\u00f3n de Interiores\" \/><span class=\"wpcf7-list-item-label\">Remodelaci\u00f3n de Interiores<\/span><\/span><\/span><\/span>\n<\/p>\n<p>Uso*<br \/>\n<span class=\"wpcf7-form-control-wrap\" data-name=\"Uso\"><span class=\"wpcf7-form-control wpcf7-radio\"><span class=\"wpcf7-list-item first\"><input type=\"radio\" name=\"Uso\" value=\"Habitacion\" checked=\"checked\" \/><span class=\"wpcf7-list-item-label\">Habitacion<\/span><\/span><span class=\"wpcf7-list-item\"><input type=\"radio\" name=\"Uso\" value=\"Hospitalidad\" \/><span class=\"wpcf7-list-item-label\">Hospitalidad<\/span><\/span><span class=\"wpcf7-list-item\"><input type=\"radio\" name=\"Uso\" value=\"Alquiler de Corta Temporada\" \/><span class=\"wpcf7-list-item-label\">Alquiler de Corta Temporada<\/span><\/span><span class=\"wpcf7-list-item\"><input type=\"radio\" name=\"Uso\" value=\"Oficinas\" \/><span class=\"wpcf7-list-item-label\">Oficinas<\/span><\/span><span class=\"wpcf7-list-item\"><input type=\"radio\" name=\"Uso\" value=\"Comerciales\/Servicios\" \/><span class=\"wpcf7-list-item-label\">Comerciales\/Servicios<\/span><\/span><span class=\"wpcf7-list-item last\"><input type=\"radio\" name=\"Uso\" value=\"Industria\" \/><span class=\"wpcf7-list-item-label\">Industria<\/span><\/span><\/span><\/span>\n<\/p>\n<p>\u00c1reas*<br \/>\n<span class=\"wpcf7-form-control-wrap\" data-name=\"area-exterior\"><input size=\"40\" maxlength=\"400\" class=\"wpcf7-form-control wpcf7-text wpcf7-validates-as-required\" aria-required=\"true\" aria-invalid=\"false\" placeholder=\"Exterior (Balcones, Jard\u00edn o Terraza)\" value=\"\" type=\"text\" name=\"area-exterior\" \/><\/span><br \/>\n<span class=\"wpcf7-form-control-wrap\" data-name=\"area-interior-garagem\"><input size=\"40\" maxlength=\"400\" class=\"wpcf7-form-control wpcf7-text wpcf7-validates-as-required\" aria-required=\"true\" aria-invalid=\"false\" placeholder=\"Interior (Garaje)\" value=\"\" type=\"text\" name=\"area-interior-garagem\" \/><\/span><br \/>\n<span class=\"wpcf7-form-control-wrap\" data-name=\"area-interior-s-garagem\"><input size=\"40\" maxlength=\"400\" class=\"wpcf7-form-control wpcf7-text wpcf7-validates-as-required\" aria-required=\"true\" aria-invalid=\"false\" placeholder=\"Interior (sin Garaje)\" value=\"\" type=\"text\" name=\"area-interior-s-garagem\" \/><\/span>\n<\/p>\n<p>Correo Electr\u00f3nico* <span class=\"wpcf7-form-control-wrap\" data-name=\"your-email\"><input size=\"40\" maxlength=\"400\" class=\"wpcf7-form-control wpcf7-email wpcf7-validates-as-required wpcf7-text wpcf7-validates-as-email\" aria-required=\"true\" aria-invalid=\"false\" value=\"\" type=\"email\" name=\"your-email\" \/><\/span><br \/>\nTel\u00e9fono <span class=\"wpcf7-form-control-wrap\" data-name=\"phone\"><input size=\"40\" maxlength=\"400\" class=\"wpcf7-form-control wpcf7-tel wpcf7-text wpcf7-validates-as-tel\" aria-invalid=\"false\" value=\"\" type=\"tel\" name=\"phone\" \/><\/span><br \/>\nDirecci\u00f3n del Proyecto* <span class=\"wpcf7-form-control-wrap\" data-name=\"morada\"><input size=\"40\" maxlength=\"400\" class=\"wpcf7-form-control wpcf7-text wpcf7-validates-as-required\" aria-required=\"true\" aria-invalid=\"false\" value=\"\" type=\"text\" name=\"morada\" \/><\/span><br \/>\nObservaciones <span class=\"wpcf7-form-control-wrap\" data-name=\"message\"><textarea cols=\"40\" rows=\"10\" maxlength=\"2000\" class=\"wpcf7-form-control wpcf7-textarea\" aria-invalid=\"false\" name=\"message\"><\/textarea><\/span>\n<\/p>\n<p align=\"left\"><input class=\"wpcf7-form-control wpcf7-submit has-spinner\" type=\"submit\" value=\"Recibir Presupuesto\" \/>\n<\/p><div class=\"fusion-alert alert custom alert-custom fusion-alert-center wpcf7-response-output fusion-alert-capitalize awb-alert-native-link-color alert-dismissable awb-alert-close-boxed\" style=\"--awb-border-size:1px;--awb-border-top-left-radius:0px;--awb-border-top-right-radius:0px;--awb-border-bottom-left-radius:0px;--awb-border-bottom-right-radius:0px;\" role=\"alert\"><div class=\"fusion-alert-content-wrapper\"><span class=\"fusion-alert-content\"><\/span><\/div><button type=\"button\" class=\"close toggle-alert\" data-dismiss=\"alert\" aria-label=\"Close\">&times;<\/button><\/div>\n<\/form>\n<\/div>\n<\/div><\/div><\/div><\/div><div class=\"fusion-fullwidth fullwidth-box fusion-builder-row-2 fusion-flex-container has-pattern-background has-mask-background nonhundred-percent-fullwidth non-hundred-percent-height-scrolling fusion-no-medium-visibility\" style=\"--awb-border-radius-top-left:0px;--awb-border-radius-top-right:0px;--awb-border-radius-bottom-right:0px;--awb-border-radius-bottom-left:0px;--awb-padding-top:100px;--awb-padding-right:0px;--awb-padding-bottom:100px;--awb-padding-left:0px;--awb-padding-right-small:5%;--awb-padding-bottom-small:20px;--awb-padding-left-small:5%;--awb-margin-top:-72px;--awb-margin-bottom:-72px;--awb-background-color:#f7f7f7;--awb-flex-wrap:wrap;\" ><div class=\"fusion-builder-row fusion-row fusion-flex-align-items-stretch fusion-flex-justify-content-center fusion-flex-content-wrap\" style=\"max-width:calc( 1270px + 0px );margin-left: calc(-0px \/ 2 );margin-right: calc(-0px \/ 2 );\"><div class=\"fusion-layout-column fusion_builder_column fusion-builder-column-2 fusion_builder_column_1_2 1_2 fusion-flex-column\" style=\"--awb-bg-size:cover;--awb-width-large:50%;--awb-margin-top-large:0px;--awb-spacing-right-large:0px;--awb-margin-bottom-large:0px;--awb-spacing-left-large:0px;--awb-width-medium:100%;--awb-order-medium:0;--awb-spacing-right-medium:0px;--awb-spacing-left-medium:0px;--awb-width-small:100%;--awb-order-small:0;--awb-spacing-right-small:0px;--awb-spacing-left-small:0px;\" data-scroll-devices=\"small-visibility,medium-visibility,large-visibility\"><div class=\"fusion-column-wrapper fusion-column-has-shadow fusion-flex-justify-content-flex-start fusion-content-layout-column\"><div class=\"fusion-builder-row fusion-builder-row-inner fusion-row fusion-flex-align-items-stretch fusion-flex-justify-content-center fusion-flex-content-wrap\" style=\"width:calc( 100% + 0px ) !important;max-width:calc( 100% + 0px ) !important;margin-left: calc(-0px \/ 2 );margin-right: calc(-0px \/ 2 );\"><div class=\"fusion-layout-column fusion_builder_column_inner fusion-builder-nested-column-1 fusion_builder_column_inner_1_1 1_1 fusion-flex-column\" style=\"--awb-padding-right:30px;--awb-bg-size:cover;--awb-width-large:100%;--awb-margin-top-large:20px;--awb-spacing-right-large:0px;--awb-margin-bottom-large:0px;--awb-spacing-left-large:0px;--awb-width-medium:100%;--awb-order-medium:0;--awb-spacing-right-medium:0px;--awb-spacing-left-medium:0px;--awb-width-small:100%;--awb-order-small:0;--awb-spacing-right-small:0px;--awb-spacing-left-small:0px;\" data-scroll-devices=\"small-visibility,medium-visibility,large-visibility\"><div class=\"fusion-column-wrapper fusion-column-has-shadow fusion-flex-justify-content-flex-start fusion-content-layout-column\"><div class=\"fusion-separator\" style=\"align-self: flex-start;margin-right:auto;margin-bottom:20px;width:100%;max-width:50px;\"><div class=\"fusion-separator-border sep-single sep-solid\" style=\"--awb-height:20px;--awb-amount:20px;--awb-sep-color:#000000;border-color:#000000;border-top-width:2px;\"><\/div><\/div><div class=\"fusion-title title fusion-title-3 fusion-sep-none fusion-title-text fusion-title-size-five\" style=\"--awb-margin-top:0px;--awb-margin-bottom:0px;\"><h5 class=\"fusion-title-heading title-heading-left fusion-responsive-typography-calculated\" style=\"margin:0;--fontSize:18;--minFontSize:18;line-height:1.68;\">SERVICIO EXCLUSIVO<\/h5><\/div><div class=\"fusion-title title fusion-title-4 fusion-sep-none fusion-title-text fusion-title-size-one\" style=\"--awb-margin-top:0px;--awb-margin-bottom:10px;\"><h1 class=\"fusion-title-heading title-heading-left fusion-responsive-typography-calculated\" style=\"margin:0;--fontSize:80;line-height:1.2;\">Programar una Reuni\u00f3n<\/h1><\/div><div class=\"fusion-text fusion-text-2\"><p>Reserva tu reuni\u00f3n autom\u00e1ticamente y recibe la confirmaci\u00f3n en tu correo electr\u00f3nico en breve.<br \/>\nUtilizaremos Google Meet para la videollamada. No necesitas crear una cuenta: s\u00f3lo tienes que acceder a trav\u00e9s del enlace que te hemos enviado.<\/p>\n<\/div><\/div><\/div><\/div><\/div><\/div><div class=\"fusion-layout-column fusion_builder_column fusion-builder-column-3 fusion_builder_column_1_2 1_2 fusion-flex-column\" style=\"--awb-padding-top:48px;--awb-padding-right:72px;--awb-padding-bottom:48px;--awb-padding-left:72px;--awb-padding-top-small:20px;--awb-padding-right-small:15px;--awb-padding-bottom-small:20px;--awb-padding-left-small:15px;--awb-overflow:visible;--awb-bg-color:rgba(243,233,228,0.65);--awb-bg-color-hover:rgba(243,233,228,0.85);--awb-bg-size:cover;--awb-border-radius:20px 20px 20px 20px;--awb-width-large:50%;--awb-margin-top-large:20px;--awb-spacing-right-large:0px;--awb-margin-bottom-large:0px;--awb-spacing-left-large:0px;--awb-width-medium:100%;--awb-order-medium:0;--awb-spacing-right-medium:0px;--awb-spacing-left-medium:0px;--awb-width-small:100%;--awb-order-small:0;--awb-spacing-right-small:0px;--awb-spacing-left-small:0px;\" data-scroll-devices=\"small-visibility,medium-visibility,large-visibility\"><div class=\"fusion-column-wrapper fusion-column-has-shadow fusion-flex-justify-content-flex-start fusion-content-layout-column\"><div class=\"fusion-widget fusion-widget-element fusion-widget-area fusion-content-widget-area wpWidget-1 bookingwidget\" style=\"--awb-fusion-padding-color:0px;--awb-fusion-border-size:0px;--awb-fusion-border-style:solid;\"><div class=\"widget widget_bookingwidget\"><div class='widget_wpdev_booking wpdevelop months_num_in_row_1'> <div id=\"form_id769436718063\" class=\"wpbc_container wpbc_form wpbc_container_booking_form \" ><form id=\"booking_form1\" class=\"booking_form vertical\" method=\"post\" action=\"\"><div id=\"ajax_respond_insert1\" class=\"ajax_respond_insert\" style=\"display:none;\"><\/div><a name=\"bklnk1\" id=\"bklnk1\"><\/a><div id=\"booking_form_div1\" class=\"booking_form_div\"><style type=\"text\/css\">.wpbc_container_booking_form .block_hints, .wpbc_booking_form_simple.wpbc_form_center .wpbc__form__div .wpbc__row.wpbc_r_calendar,  .wpbc_booking_form_simple .wpbc__form__div .wpbc__row:not(.wpbc_r_calendar){max-width:440px;} <\/style>\n<div class=\"wpbc_booking_form_simple \">\n    <div class=\"wpbc__form__div\">\n\t<div class=\"wpbc_r_calendar wpbc__row\">\n      <div class=\"wpbc_r_calendar wpbc__field\"> <div class=\"wpbc_calendar_wraper wpbc_change_over_triangle wpbc_calendar_skin_legacy\"><div class=\"wpbc_cal_container bk_calendar_frame wpbc_no_custom_width  months_num_in_row_ cal_month_num_1 wpbc_timeslot_day_bg_as_available\" style=\"\"><div id=\"calendar_booking1\"  class=\"wpbc_calendar_id_1\" >\t<div class=\"calendar_loader_frame calendar_loader_frame1\"\r\n\t\tdata-wpbc-rid=\"1\"\r\n\t\tdata-wpbc-grace=\"8000\"\r\n\t\tstyle=\"--wpbc-loader-cols: 1;\"\r\n\t>\r\n\t\t<div class=\"calendar_loader_text\">Cargando...<\/div>\r\n\t\t<div class=\"calendar_loader_frame__progress_line_container\">\r\n\t\t\t<div class=\"calendar_loader_frame__progress_line\"><\/div>\r\n\t\t<\/div>\r\n\t<\/div>\r\n\t<\/div><\/div><div style=\"font-size:7px;text-align:left;margin:0 0 10px;text-shadow: none;\">Powered by <a href=\"https:\/\/wpbookingcalendar.com\" style=\"font-size:7px;\" target=\"_blank\" title=\"Booking Calendar plugin for WordPress\" rel=\"noopener\">Booking Calendar<\/a><\/div><textarea id=\"date_booking1\" name=\"date_booking1\" autocomplete=\"off\" style=\"display:none;\"><\/textarea><\/div><\/div>\n\t<\/div>\n\t<div class=\"wpbc__row\">\n      <div class=\"wpbc_r_rangetime wpbc__field\">  <label for=\"rangetime1\">Horario*<\/label><br>   <select name=\"rangetime1\" id=\"rangetime1\" class=\"input-xlarge wpdev-validates-as-required\" >  <option value=\"08:00 - 09:00\" >08:00 - 09:00<\/option>  <option value=\"12:00 - 13:00\" >12:00 - 13:00<\/option>  <option value=\"14:00 - 15:00\" >14:00 - 15:00<\/option>  <option value=\"17:00 - 18:00\" >17:00 - 18:00<\/option>  <option value=\"18:00 - 19:00\" >18:00 - 19:00<\/option>     <\/select><\/div>\n\t<\/div>\n\t<div class=\"wpbc__row\">\n      <div class=\"wpbc_r_meetingtype wpbc__field\">  <label for=\"meetingtype1\">Tipo de reuni\u00f3n*<\/label><br>   <select name=\"meetingtype1\" id=\"meetingtype1\" class=\"input-xlarge wpdev-validates-as-required\" >  <option value=\"Tel\u00e9fono\" >Tel\u00e9fono<\/option>  <option value=\"Videollamada\" >Videollamada<\/option>  <option value=\"Lisboa Oficina Martina Arquitectura\" >Lisboa Oficina Martina Arquitectura<\/option>  <option value=\"Porto Oficina Martina Arquitectura\" >Porto Oficina Martina Arquitectura<\/option>     <\/select><\/div>\n\t<\/div>\n\t<div class=\"wpbc__row\">\n      <div class=\"wpbc_r_name wpbc__field\">  <label for=\"name1\">Nombre*<\/label><br>   <input type=\"text\" name=\"name1\" id=\"name1\" class=\"input-xlarge wpdev-validates-as-required\" \/><\/div>\n\t<\/div>\n\t<div class=\"wpbc__row\">\n      <div class=\"wpbc_r_email wpbc__field\">  <label for=\"email1\">Correo Electr\u00f3nico*<\/label><br>   <input type=\"email\" name=\"email1\" id=\"email1\" class=\"input-xlarge wpdev-validates-as-email wpdev-validates-as-required wpdev-validates-as-required\" \/><\/div>\n\t<\/div>\n\t<div class=\"wpbc__row\">\n      <div class=\"wpbc_r_telephone wpbc__field\">  <label for=\"telephone1\">Tel\u00e9fono*<\/label><br>   <input type=\"text\" name=\"telephone1\" id=\"telephone1\" class=\"input-xlarge wpdev-validates-as-required\" \/><\/div>\n\t<\/div>\n\t<div class=\"wpbc__row\">\n      <div class=\"wpbc_r_details wpbc__field\">  <label for=\"details1\">Detalles (por ejemplo, direcci\u00f3n del proyecto, empresa, etc.)<\/label><br>   <textarea  rows=\"3\" name=\"details1\" id=\"details1\" class=\"input-xlarge\" ><\/textarea><\/div>\n\t<\/div>\n\t<div class=\"wpbc__row\">\n      <div class=\"wpbc_r_captcha wpbc__field\"> <\/div>\n\t<\/div>\n\t<div class=\"wpbc__row\">\n      <div class=\"wpbc_r_submit wpbc__field\"> <button class=\"wpbc_button_light\" type=\"button\" onclick=\"wpbc_booking_form_submit(this.form,1,'es_ES');\" >Enviar<\/button>\n<\/div>\n\t<\/div>\n    <\/div>\n<\/div><input id=\"bk_type1\" name=\"bk_type1\" class=\"\" type=\"hidden\" value=\"1\" \/><\/div><div id=\"submiting1\"><\/div><div class=\"form_bk_messages\" id=\"form_bk_messages1\" ><\/div><input type=\"hidden\" id=\"wpbc_nonceCALCULATE_THE_COST1\" name=\"wpbc_nonceCALCULATE_THE_COST1\" value=\"5d1af0e772\" \/><input type=\"hidden\" name=\"_wp_http_referer\" value=\"\/es\/wp-json\/wp\/v2\/pages\/25586\" \/><\/form><\/div><div id=\"booking_form_garbage1\" class=\"booking_form_garbage\"><\/div>\n<script id=\"wpbc-inline-js-wpbc-dup-calendar-warn-1\" type=\"text\/javascript\">\n(function() { var a = setInterval( function() {  if ( ( 'undefined' === typeof _wpbc ) || ( 'undefined' === typeof jQuery ) || ! window.jQuery ) { return; } clearInterval( a ); jQuery( document ).ready( function (){\njQuery(\".widget_wpdev_booking .booking_form.form-horizontal\").removeClass(\"form-horizontal\");\nvar calendars__on_this_page_list = _wpbc.get_other_param(\"calendars__on_this_page\") || [];\nvar visible_calendars_count = calendars__on_this_page_list.length;\nif (visible_calendars_count !== null) {\n  for (var i=0; i<visible_calendars_count; i++) {\n    if (_wpbc.get_other_param(\"calendars__on_this_page\")[i] === 1) {\n      console.log(\"%c%s\", \"color: #e77; font-weight:bold\", \"Warning! The booking calendar for this resource with the ID = 1 is already on the page. Find more details here: https:\\\/\\\/wpbookingcalendar.com\\\/faq\\\/why-the-booking-calendar-widget-not-show-on-page\\\/\");\n    }\n  }\n  _wpbc.get_other_param(\"calendars__on_this_page\")[visible_calendars_count] = 1;\n};\n} ); }, 500 ); })();\n<\/script>\n <script type=\"text\/javascript\"> (function() { var a = setInterval( function() {  if ( ( 'undefined' === typeof _wpbc ) || ( 'undefined' === typeof jQuery ) || ! window.jQuery ) { return; } clearInterval( a ); jQuery( document ).ready( function (){ _wpbc.balancer__set_max_threads( 3 );  _wpbc.calendar__set_param_value( 1 , 'calendar_scroll_to' , false );  _wpbc.calendar__set_param_value( 1 , 'calendar_dates_start' , \"\" );  _wpbc.calendar__set_param_value( 1 , 'calendar_dates_end'   , \"\" );  _wpbc.calendar__set_param_value( 1 , 'booking_max_monthes_in_calendar' , \"3m\" );  _wpbc.calendar__set_param_value( 1 , 'booking_start_day_weeek' , \"0\" );  _wpbc.calendar__set_param_value( 1 , 'calendar_number_of_months' , \"1\" );  _wpbc.calendar__set_param_value( 1, 'days_select_mode', \"single\" );  _wpbc.calendar__set_param_value( 1, 'fixed__days_num', 0 );  _wpbc.calendar__set_param_value( 1, 'fixed__week_days__start',   [] );  _wpbc.calendar__set_param_value( 1, 'dynamic__days_min', 0 );  _wpbc.calendar__set_param_value( 1, 'dynamic__days_max', 0 );  _wpbc.calendar__set_param_value( 1, 'dynamic__days_specific',    [] );  _wpbc.calendar__set_param_value( 1, 'dynamic__week_days__start', [] );  _wpbc.calendar__set_param_value( 1, 'booking_date_format', \"Y\\\/m\\\/d\" );  _wpbc.calendar__set_param_value( 1, 'booking_time_format', \"g:i a\" );  if ( 'function' === typeof ( wpbc__conditions__SAVE_INITIAL__days_selection_params__bm ) ) { wpbc__conditions__SAVE_INITIAL__days_selection_params__bm( 1 ); }  wpbc_calendar_show(\"1\");  _wpbc.set_secure_param('nonce', \"92c610bd6c\");  _wpbc.set_secure_param('user_id', \"0\");  _wpbc.set_secure_param('locale', \"es_ES\");  wpbc_calendar__load_data__ajx({\"resource_id\":1,\"booking_hash\":\"\",\"request_uri\":\"\\\/es\\\/wp-json\\\/wp\\\/v2\\\/pages\\\/25586\",\"custom_form\":\"standard\",\"aggregate_resource_id_str\":\"\",\"aggregate_type\":\"all\"}); } ); }, 500 ); })();<\/script><\/div><\/div><\/div><\/div><\/div><\/div><\/div><\/p>\n","protected":false},"excerpt":{"rendered":"","protected":false},"author":8,"featured_media":0,"parent":0,"menu_order":0,"comment_status":"closed","ping_status":"closed","template":"100-width.php","meta":{"_joinchat":[],"footnotes":""},"class_list":["post-25586","page","type-page","status-publish","hentry"],"_links":{"self":[{"href":"https:\/\/www.martinaarch.com\/es\/wp-json\/wp\/v2\/pages\/25586","targetHints":{"allow":["GET"]}}],"collection":[{"href":"https:\/\/www.martinaarch.com\/es\/wp-json\/wp\/v2\/pages"}],"about":[{"href":"https:\/\/www.martinaarch.com\/es\/wp-json\/wp\/v2\/types\/page"}],"author":[{"embeddable":true,"href":"https:\/\/www.martinaarch.com\/es\/wp-json\/wp\/v2\/users\/8"}],"replies":[{"embeddable":true,"href":"https:\/\/www.martinaarch.com\/es\/wp-json\/wp\/v2\/comments?post=25586"}],"version-history":[{"count":1,"href":"https:\/\/www.martinaarch.com\/es\/wp-json\/wp\/v2\/pages\/25586\/revisions"}],"predecessor-version":[{"id":25589,"href":"https:\/\/www.martinaarch.com\/es\/wp-json\/wp\/v2\/pages\/25586\/revisions\/25589"}],"wp:attachment":[{"href":"https:\/\/www.martinaarch.com\/es\/wp-json\/wp\/v2\/media?parent=25586"}],"curies":[{"name":"wp","href":"https:\/\/api.w.org\/{rel}","templated":true}]}}